{"id":1382,"date":"2013-06-13T21:13:27","date_gmt":"2013-06-13T21:13:27","guid":{"rendered":"https:\/\/www.lacandela.com.mx\/?page_id=1382"},"modified":"2014-09-10T22:58:54","modified_gmt":"2014-09-10T22:58:54","slug":"esteban-rivas","status":"publish","type":"page","link":"https:\/\/www.lacandela.com.mx\/?page_id=1382","title":{"rendered":"Esteban Rivas"},"content":{"rendered":"<p style=\"text-align: center;\"><a href=\"https:\/\/www.lacandela.com.mx\/wp-content\/uploads\/2013\/06\/la-foto12.jpg\"><img loading=\"lazy\" decoding=\"async\" class=\"size-thumbnail wp-image-1286 alignleft\" src=\"https:\/\/www.lacandela.com.mx\/wp-content\/uploads\/2013\/06\/la-foto12-150x150.jpg\" alt=\"la foto12\" width=\"150\" height=\"150\" \/><\/a><\/p>\n<p style=\"text-align: center;\"><strong>Productor en Linea<\/strong><\/p>\n<p style=\"text-align: center;\"><strong>estebanriv@gmail.com<\/strong><\/p>\n<p style=\"text-align: center;\"><strong>+52 \/ 551004.5897<\/strong><\/p>\n<p style=\"text-align: justify;\">Naci\u00f3 en M\u00e9xico DF y con una larga trayectoria en el medio del cine y la publicidad, su experiencia lo ha llevado a trabajar en un sin numero de proyectos como productor en linea con las mejores casas productoras del pa\u00eds y del extranjero produciendo pel\u00edculas, comerciales de cine y televisi\u00f3n, video homes, series, eventos especiales y sesiones fotogr\u00e1ficas.<\/p>\n<p style=\"text-align: justify;\">Desde 2010 forma parte de La Candela films como productor independiente para seguir ofreciendo servicios de producci\u00f3n audiovisual.<\/p>\n","protected":false},"excerpt":{"rendered":"<p>Productor en Linea estebanriv@gmail.com +52 \/ 551004.5897 Naci\u00f3 en M\u00e9xico DF y con una larga trayectoria en el medio del cine y la publicidad, su experiencia lo ha llevado a trabajar en un sin numero de proyectos como productor en linea con las mejores casas productoras del pa\u00eds y del extranjero produciendo pel\u00edculas, comerciales de &hellip; <a href=\"https:\/\/www.lacandela.com.mx\/?page_id=1382\" class=\"more-link\">Seguir leyendo <span class=\"screen-reader-text\">Esteban Rivas<\/span> <span class=\"meta-nav\">&rarr;<\/span><\/a><\/p>\n","protected":false},"author":2,"featured_media":0,"parent":0,"menu_order":0,"comment_status":"open","ping_status":"open","template":"","meta":{"footnotes":""},"class_list":["post-1382","page","type-page","status-publish","hentry"],"jetpack_sharing_enabled":true,"_links":{"self":[{"href":"https:\/\/www.lacandela.com.mx\/index.php?rest_route=\/wp\/v2\/pages\/1382","targetHints":{"allow":["GET"]}}],"collection":[{"href":"https:\/\/www.lacandela.com.mx\/index.php?rest_route=\/wp\/v2\/pages"}],"about":[{"href":"https:\/\/www.lacandela.com.mx\/index.php?rest_route=\/wp\/v2\/types\/page"}],"author":[{"embeddable":true,"href":"https:\/\/www.lacandela.com.mx\/index.php?rest_route=\/wp\/v2\/users\/2"}],"replies":[{"embeddable":true,"href":"https:\/\/www.lacandela.com.mx\/index.php?rest_route=%2Fwp%2Fv2%2Fcomments&post=1382"}],"version-history":[{"count":9,"href":"https:\/\/www.lacandela.com.mx\/index.php?rest_route=\/wp\/v2\/pages\/1382\/revisions"}],"predecessor-version":[{"id":1720,"href":"https:\/\/www.lacandela.com.mx\/index.php?rest_route=\/wp\/v2\/pages\/1382\/revisions\/1720"}],"wp:attachment":[{"href":"https:\/\/www.lacandela.com.mx\/index.php?rest_route=%2Fwp%2Fv2%2Fmedia&parent=1382"}],"curies":[{"name":"wp","href":"https:\/\/api.w.org\/{rel}","templated":true}]}}